{"id":731,"date":"2021-11-18T01:39:19","date_gmt":"2021-11-18T01:39:19","guid":{"rendered":"https:\/\/skcorp.vn\/supplier\/"},"modified":"2021-11-18T01:39:19","modified_gmt":"2021-11-18T01:39:19","slug":"supplier","status":"publish","type":"page","link":"https:\/\/skcorp.vn\/en\/supplier\/","title":{"rendered":"Supplier"},"content":{"rendered":"\t\t<div data-elementor-type=\"wp-page\" data-elementor-id=\"731\" class=\"elementor elementor-731 elementor-569\">\n\t\t\t\t\t\t\t\t\t<section class=\"elementor-section elementor-top-section elementor-element elementor-element-b1ec9ff elementor-section-boxed elementor-section-height-default elementor-section-height-default\" data-id=\"b1ec9ff\" data-element_type=\"section\">\n\t\t\t\t\t\t<div class=\"elementor-container elementor-column-gap-default\">\n\t\t\t\t\t<div class=\"elementor-column elementor-col-100 elementor-top-column elementor-element elementor-element-eaef24e\" data-id=\"eaef24e\" data-element_type=\"column\">\n\t\t\t<div class=\"elementor-widget-wrap elementor-element-populated\">\n\t\t\t\t\t\t\t\t<div class=\"elementor-element elementor-element-65127a7 elementor-widget elementor-widget-premium-carousel-widget\" data-id=\"65127a7\" data-element_type=\"widget\" data-widget_type=\"premium-carousel-widget.default\">\n\t\t\t\t<div class=\"elementor-widget-container\">\n\t\t\t\r\n\t\t<div id=\"premium-carousel-wrapper-65127a7\" class=\"premium-carousel-wrapper premium-carousel-hidden carousel-wrapper-65127a7  \" data-settings=\"{&quot;vertical&quot;:true,&quot;slidesToScroll&quot;:1,&quot;slidesToShow&quot;:1,&quot;infinite&quot;:false,&quot;speed&quot;:300,&quot;fade&quot;:false,&quot;autoplay&quot;:false,&quot;autoplaySpeed&quot;:5000,&quot;draggable&quot;:false,&quot;touchMove&quot;:false,&quot;rtl&quot;:false,&quot;adaptiveHeight&quot;:false,&quot;variableWidth&quot;:false,&quot;cssEase&quot;:&quot;ease&quot;,&quot;pauseOnHover&quot;:false,&quot;centerMode&quot;:false,&quot;arrows&quot;:false,&quot;dots&quot;:false,&quot;slidesDesk&quot;:1,&quot;slidesTab&quot;:1,&quot;slidesMob&quot;:1,&quot;animation&quot;:&quot;null&quot;,&quot;tabletBreak&quot;:1025,&quot;mobileBreak&quot;:768,&quot;navigation&quot;:[]}\">\r\n\t\t\t\t\t\t\t\t\t<div id=\"premium-carousel-65127a7\" class=\"premium-carousel-inner\">\r\n\t\t\t\t\t\t\t\t\t\t<div class=\"premium-carousel-template item-wrapper\">\r\n\t\t\t\t\t\t\t\t\t\t\t\t\t<\/div>\r\n\t\t\t\t\t\t\t\t\t<\/div>\r\n\t\t<\/div>\r\n\t\t\t\t<\/div>\n\t\t\t\t<\/div>\n\t\t\t\t\t<\/div>\n\t\t<\/div>\n\t\t\t\t\t\t\t<\/div>\n\t\t<\/section>\n\t\t\t\t\t\t\t<\/div>\n\t\t","protected":false},"excerpt":{"rendered":"<p>Nh\u00e0 cung c\u1ea5p C\u00f4ng ty CP Pouyuen Vi\u1ec7t nam\u00a0 \u0110\u1ecba ch\u1ec9: 89Q QL1A, T\u00e2n T\u1ea1o, B\u00ecnh T\u00e2n, Th\u00e0nh ph\u1ed1 H\u1ed3 Ch\u00ed Minh C\u00f4ng ty Texhong Vi\u1ec7t Nam \u0110\u1ecba ch\u1ec9: Khu c\u00f4ng nghi\u1ec7p c\u1ea3ng bi\u1ec3n H\u1ea3i H\u00e0, Th\u1ecb Tr\u1ea5n Qu\u1ea3ng H\u00e0, [&hellip;]<\/p>\n","protected":false},"author":1,"featured_media":0,"parent":0,"menu_order":0,"comment_status":"closed","ping_status":"closed","template":"","meta":{"footnotes":""},"class_list":["post-731","page","type-page","status-publish","hentry"],"acf":[],"yoast_head":"<!-- This site is optimized with the Yoast SEO plugin v20.5 - https:\/\/yoast.com\/wordpress\/plugins\/seo\/ -->\n<title>Supplier - C\u00f4ng ty C\u1ed5 ph\u1ea7n Thi\u1ebft k\u1ebf X\u00e2y d\u1ef1ng S&amp;K<\/title>\n<meta name=\"robots\" content=\"index, follow, max-snippet:-1, max-image-preview:large, max-video-preview:-1\" \/>\n<link rel=\"canonical\" href=\"https:\/\/skcorp.vn\/en\/supplier\/\" \/>\n<meta property=\"og:locale\" content=\"en_US\" \/>\n<meta property=\"og:type\" content=\"article\" \/>\n<meta property=\"og:title\" content=\"Supplier - C\u00f4ng ty C\u1ed5 ph\u1ea7n Thi\u1ebft k\u1ebf X\u00e2y d\u1ef1ng S&amp;K\" \/>\n<meta property=\"og:description\" content=\"Nh\u00e0 cung c\u1ea5p C\u00f4ng ty CP Pouyuen Vi\u1ec7t nam\u00a0 \u0110\u1ecba ch\u1ec9: 89Q QL1A, T\u00e2n T\u1ea1o, B\u00ecnh T\u00e2n, Th\u00e0nh ph\u1ed1 H\u1ed3 Ch\u00ed Minh C\u00f4ng ty Texhong Vi\u1ec7t Nam \u0110\u1ecba ch\u1ec9: Khu c\u00f4ng nghi\u1ec7p c\u1ea3ng bi\u1ec3n H\u1ea3i H\u00e0, Th\u1ecb Tr\u1ea5n Qu\u1ea3ng H\u00e0, [&hellip;]\" \/>\n<meta property=\"og:url\" content=\"https:\/\/skcorp.vn\/en\/supplier\/\" \/>\n<meta property=\"og:site_name\" content=\"C\u00f4ng ty C\u1ed5 ph\u1ea7n Thi\u1ebft k\u1ebf X\u00e2y d\u1ef1ng S&amp;K\" \/>\n<meta property=\"og:image\" content=\"https:\/\/skcorp.vn\/wp-content\/uploads\/2021\/10\/b81d614f4233cb56738ee2111dd624d8.jpg\" \/>\n<meta name=\"twitter:card\" content=\"summary_large_image\" \/>\n<script type=\"application\/ld+json\" class=\"yoast-schema-graph\">{\"@context\":\"https:\/\/schema.org\",\"@graph\":[{\"@type\":\"WebPage\",\"@id\":\"https:\/\/skcorp.vn\/en\/supplier\/\",\"url\":\"https:\/\/skcorp.vn\/en\/supplier\/\",\"name\":\"Supplier - C\u00f4ng ty C\u1ed5 ph\u1ea7n Thi\u1ebft k\u1ebf X\u00e2y d\u1ef1ng S&amp;K\",\"isPartOf\":{\"@id\":\"https:\/\/skcorp.vn\/en\/#website\"},\"datePublished\":\"2021-11-18T01:39:19+00:00\",\"dateModified\":\"2021-11-18T01:39:19+00:00\",\"breadcrumb\":{\"@id\":\"https:\/\/skcorp.vn\/en\/supplier\/#breadcrumb\"},\"inLanguage\":\"en-US\",\"potentialAction\":[{\"@type\":\"ReadAction\",\"target\":[\"https:\/\/skcorp.vn\/en\/supplier\/\"]}]},{\"@type\":\"BreadcrumbList\",\"@id\":\"https:\/\/skcorp.vn\/en\/supplier\/#breadcrumb\",\"itemListElement\":[{\"@type\":\"ListItem\",\"position\":1,\"name\":\"Home\",\"item\":\"https:\/\/skcorp.vn\/en\/?lang=en\"},{\"@type\":\"ListItem\",\"position\":2,\"name\":\"Supplier\"}]},{\"@type\":\"WebSite\",\"@id\":\"https:\/\/skcorp.vn\/en\/#website\",\"url\":\"https:\/\/skcorp.vn\/en\/\",\"name\":\"C\u00f4ng ty C\u1ed5 ph\u1ea7n Thi\u1ebft k\u1ebf X\u00e2y d\u1ef1ng S&amp;K\",\"description\":\"Thi\u1ebft k\u1ebf - Qu\u1ea3n l\u00fd d\u1ef1 \u00e1n - T\u01b0 v\u1ea5n ph\u00e1p l\u00fd d\u1ef1 \u00e1n - Qu\u1ea3n l\u00fd thi c\u00f4ng\",\"publisher\":{\"@id\":\"https:\/\/skcorp.vn\/en\/#organization\"},\"potentialAction\":[{\"@type\":\"SearchAction\",\"target\":{\"@type\":\"EntryPoint\",\"urlTemplate\":\"https:\/\/skcorp.vn\/en\/?s={search_term_string}\"},\"query-input\":\"required name=search_term_string\"}],\"inLanguage\":\"en-US\"},{\"@type\":\"Organization\",\"@id\":\"https:\/\/skcorp.vn\/en\/#organization\",\"name\":\"C\u00f4ng ty C\u1ed5 ph\u1ea7n Thi\u1ebft k\u1ebf X\u00e2y d\u1ef1ng S&amp;K\",\"url\":\"https:\/\/skcorp.vn\/en\/\",\"logo\":{\"@type\":\"ImageObject\",\"inLanguage\":\"en-US\",\"@id\":\"https:\/\/skcorp.vn\/en\/#\/schema\/logo\/image\/\",\"url\":\"https:\/\/skcorp.vn\/wp-content\/uploads\/2021\/10\/logo-SK.png\",\"contentUrl\":\"https:\/\/skcorp.vn\/wp-content\/uploads\/2021\/10\/logo-SK.png\",\"width\":104,\"height\":67,\"caption\":\"C\u00f4ng ty C\u1ed5 ph\u1ea7n Thi\u1ebft k\u1ebf X\u00e2y d\u1ef1ng S&amp;K\"},\"image\":{\"@id\":\"https:\/\/skcorp.vn\/en\/#\/schema\/logo\/image\/\"}}]}<\/script>\n<!-- \/ Yoast SEO plugin. -->","yoast_head_json":{"title":"Supplier - C\u00f4ng ty C\u1ed5 ph\u1ea7n Thi\u1ebft k\u1ebf X\u00e2y d\u1ef1ng S&amp;K","robots":{"index":"index","follow":"follow","max-snippet":"max-snippet:-1","max-image-preview":"max-image-preview:large","max-video-preview":"max-video-preview:-1"},"canonical":"https:\/\/skcorp.vn\/en\/supplier\/","og_locale":"en_US","og_type":"article","og_title":"Supplier - C\u00f4ng ty C\u1ed5 ph\u1ea7n Thi\u1ebft k\u1ebf X\u00e2y d\u1ef1ng S&amp;K","og_description":"Nh\u00e0 cung c\u1ea5p C\u00f4ng ty CP Pouyuen Vi\u1ec7t nam\u00a0 \u0110\u1ecba ch\u1ec9: 89Q QL1A, T\u00e2n T\u1ea1o, B\u00ecnh T\u00e2n, Th\u00e0nh ph\u1ed1 H\u1ed3 Ch\u00ed Minh C\u00f4ng ty Texhong Vi\u1ec7t Nam \u0110\u1ecba ch\u1ec9: Khu c\u00f4ng nghi\u1ec7p c\u1ea3ng bi\u1ec3n H\u1ea3i H\u00e0, Th\u1ecb Tr\u1ea5n Qu\u1ea3ng H\u00e0, [&hellip;]","og_url":"https:\/\/skcorp.vn\/en\/supplier\/","og_site_name":"C\u00f4ng ty C\u1ed5 ph\u1ea7n Thi\u1ebft k\u1ebf X\u00e2y d\u1ef1ng S&amp;K","og_image":[{"url":"https:\/\/skcorp.vn\/wp-content\/uploads\/2021\/10\/b81d614f4233cb56738ee2111dd624d8.jpg"}],"twitter_card":"summary_large_image","schema":{"@context":"https:\/\/schema.org","@graph":[{"@type":"WebPage","@id":"https:\/\/skcorp.vn\/en\/supplier\/","url":"https:\/\/skcorp.vn\/en\/supplier\/","name":"Supplier - C\u00f4ng ty C\u1ed5 ph\u1ea7n Thi\u1ebft k\u1ebf X\u00e2y d\u1ef1ng S&amp;K","isPartOf":{"@id":"https:\/\/skcorp.vn\/en\/#website"},"datePublished":"2021-11-18T01:39:19+00:00","dateModified":"2021-11-18T01:39:19+00:00","breadcrumb":{"@id":"https:\/\/skcorp.vn\/en\/supplier\/#breadcrumb"},"inLanguage":"en-US","potentialAction":[{"@type":"ReadAction","target":["https:\/\/skcorp.vn\/en\/supplier\/"]}]},{"@type":"BreadcrumbList","@id":"https:\/\/skcorp.vn\/en\/supplier\/#breadcrumb","itemListElement":[{"@type":"ListItem","position":1,"name":"Home","item":"https:\/\/skcorp.vn\/en\/?lang=en"},{"@type":"ListItem","position":2,"name":"Supplier"}]},{"@type":"WebSite","@id":"https:\/\/skcorp.vn\/en\/#website","url":"https:\/\/skcorp.vn\/en\/","name":"C\u00f4ng ty C\u1ed5 ph\u1ea7n Thi\u1ebft k\u1ebf X\u00e2y d\u1ef1ng S&amp;K","description":"Thi\u1ebft k\u1ebf - Qu\u1ea3n l\u00fd d\u1ef1 \u00e1n - T\u01b0 v\u1ea5n ph\u00e1p l\u00fd d\u1ef1 \u00e1n - Qu\u1ea3n l\u00fd thi c\u00f4ng","publisher":{"@id":"https:\/\/skcorp.vn\/en\/#organization"},"potentialAction":[{"@type":"SearchAction","target":{"@type":"EntryPoint","urlTemplate":"https:\/\/skcorp.vn\/en\/?s={search_term_string}"},"query-input":"required name=search_term_string"}],"inLanguage":"en-US"},{"@type":"Organization","@id":"https:\/\/skcorp.vn\/en\/#organization","name":"C\u00f4ng ty C\u1ed5 ph\u1ea7n Thi\u1ebft k\u1ebf X\u00e2y d\u1ef1ng S&amp;K","url":"https:\/\/skcorp.vn\/en\/","logo":{"@type":"ImageObject","inLanguage":"en-US","@id":"https:\/\/skcorp.vn\/en\/#\/schema\/logo\/image\/","url":"https:\/\/skcorp.vn\/wp-content\/uploads\/2021\/10\/logo-SK.png","contentUrl":"https:\/\/skcorp.vn\/wp-content\/uploads\/2021\/10\/logo-SK.png","width":104,"height":67,"caption":"C\u00f4ng ty C\u1ed5 ph\u1ea7n Thi\u1ebft k\u1ebf X\u00e2y d\u1ef1ng S&amp;K"},"image":{"@id":"https:\/\/skcorp.vn\/en\/#\/schema\/logo\/image\/"}}]}},"_links":{"self":[{"href":"https:\/\/skcorp.vn\/en\/wp-json\/wp\/v2\/pages\/731","targetHints":{"allow":["GET"]}}],"collection":[{"href":"https:\/\/skcorp.vn\/en\/wp-json\/wp\/v2\/pages"}],"about":[{"href":"https:\/\/skcorp.vn\/en\/wp-json\/wp\/v2\/types\/page"}],"author":[{"embeddable":true,"href":"https:\/\/skcorp.vn\/en\/wp-json\/wp\/v2\/users\/1"}],"replies":[{"embeddable":true,"href":"https:\/\/skcorp.vn\/en\/wp-json\/wp\/v2\/comments?post=731"}],"version-history":[{"count":1,"href":"https:\/\/skcorp.vn\/en\/wp-json\/wp\/v2\/pages\/731\/revisions"}],"predecessor-version":[{"id":732,"href":"https:\/\/skcorp.vn\/en\/wp-json\/wp\/v2\/pages\/731\/revisions\/732"}],"wp:attachment":[{"href":"https:\/\/skcorp.vn\/en\/wp-json\/wp\/v2\/media?parent=731"}],"curies":[{"name":"wp","href":"https:\/\/api.w.org\/{rel}","templated":true}]}}